{"id":116,"date":"2026-03-14T22:04:34","date_gmt":"2026-03-14T22:04:34","guid":{"rendered":"https:\/\/regionhm.nl\/?page_id=116"},"modified":"2026-03-15T12:44:58","modified_gmt":"2026-03-15T12:44:58","slug":"veiligheid-protocollen-en-richtlijnen","status":"publish","type":"page","link":"http:\/\/regionhm.nl\/index.php\/veiligheid-protocollen-en-richtlijnen\/","title":{"rendered":"Veiligheid, Protocollen en Richtlijnen"},"content":{"rendered":"\n<p>Veiligheid is een topprioriteit voor scouting in de regio Noord-Holland Midden. Of het nu gaat om fysieke activiteiten in de buitenlucht of online bijeenkomsten, het waarborgen van de veiligheid van alle leden staat voorop. Voor fysieke veiligheid implementeren we strikte protocollen voor activiteiten en evenementen, terwijl online veiligheid wordt verzekerd door middel van veilige communicatieplatforms en het promoten van bewustzijn over digitale gevaren. Samen cre\u00ebren we een veilige omgeving waarin scouts kunnen leren, groeien en ontwikkelen.<\/p>\n\n\n\n<div id=\"wp-block-themeisle-blocks-tabs-e71f1185\" class=\"wp-block-themeisle-blocks-tabs has-dark-bg is-align-center\"><div class=\"wp-block-themeisle-blocks-tabs__content\">\n<div data-title=\"<strong&gt;Privacy beleid regio evenement<\/strong&gt;\" class=\"wp-block-themeisle-blocks-tabs-item\"><div class=\"wp-block-themeisle-blocks-tabs-item__header\" tabindex=\"0\"><strong>Privacy beleid regio evenement<\/strong><\/div><div class=\"wp-block-themeisle-blocks-tabs-item__content\">\n<h2 class=\"wp-block-heading\">Privacy beleid regio evenement<\/h2>\n\n\n\n<p>In Regio Noord-Holland Midden hechten we veel waarde aan de veiligheid van onze leden, zowel in de fysieke wereld als online. Ons beleid is erop gericht om een veilige omgeving te cre\u00ebren waar iedereen zich beschermd voelt. We implementeren strenge maatregelen om de persoonlijke en digitale integriteit van onze leden te waarborgen. Voor meer informatie over ons specifieke beleid en de stappen die we nemen om veiligheid te garanderen, nodigen we u uit om het beleid verder te lezen op deze pagina.<\/p>\n\n\n\n<h2 class=\"wp-block-heading\" id=\"richtlijn-beeldmateriaal-bij-regio-evenementen-van-regio-nhm\">Richtlijn Beeldmateriaal \u2013 bij Regio-evenementen van Regio NHM<\/h2>\n\n\n\n<p id=\"1-doel-van-het-gebruik-van-foto-s-en-video-s\">1) Doel van het gebruik van foto\u2019s en video\u2019s<\/p>\n\n\n\n<ul class=\"wp-block-list\">\n<li>Foto\u2019s en video\u2019s worden genomen om het regio-evenement te documenteren en te promoten.<\/li>\n\n\n\n<li>Foto\u2019s en video\u2019s worden genomen om scouting te promoten.<\/li>\n\n\n\n<li>Foto\u2019s en video\u2019s worden genomen om de regio te promoten.<\/li>\n\n\n\n<li>Foto\u2019s en video\u2019s worden genomen om de scoutinggroepen te promoten.<\/li>\n<\/ul>\n\n\n\n<p id=\"2-toestemming\">2) Toestemming<\/p>\n\n\n\n<p>Zowel voor jeugddeelnemers als 18+ deelnemers aan regio-evenementen vragen we toestemming. voordat we foto\u2019s of video\u2019s van hen maken en delen.<\/p>\n\n\n\n<ul class=\"wp-block-list\">\n<li>Jeugddeelnemers: Leiding wordt middels een inschrijfformulier voorafgaand aan het evenement gevraagd voor welke jeugddeelnemers wel en geen toestemming is om foto\u2019s en video\u2019s te maken. Zij gebruiken voor deze informatie de toestemming die door ouders\/voogden aan de scoutinggroep gegeven is.<\/li>\n\n\n\n<li>18+ deelnemers: Voor 18+ deelnemers wordt voorafgaand aan het evenement via de uitnodiging aangegeven dat zij zelf door betreden van het evenement toestemming geven voor gebruik van foto\u2019s en video\u2019s die tijdens het evenement gemaakt worden. Daarbij wordt aangegeven dat zij, indien zij hiervoor bezwaar hebben, dit bij het organisatieteam aan dienen te geven.<\/li>\n<\/ul>\n\n\n\n<p id=\"3-identificeerbare-personen\">3) Identificeerbare personen<\/p>\n\n\n\n<p>Wij vermijden het publiceren van foto\u2019s of video\u2019s waarop individuen gemakkelijk te identificeren zijn<br>zonder expliciete toestemming.<\/p>\n\n\n\n<p id=\"4-publicatie-op-officiele-kanalen\">4) Publicatie op offici\u00eble kanalen<\/p>\n\n\n\n<p>Foto\u2019s en video\u2019s worden uitsluitend gedeeld op de offici\u00eble kanalen van de scoutingorganisaties,<\/p>\n\n\n\n<ul class=\"wp-block-list\">\n<li>zoals hun websites, nieuwsbrieven en sociale mediaplatforms. Deze organisaties omvatten Scouting Nederland, Regio NHM en de scoutinggroepen binnen Regio NHM.<\/li>\n\n\n\n<li>Het gebruik van foto\u2019s en video\u2019s voor de promotie van Scouting en het scoutingspel in de media buiten de scoutingorganisaties is mogelijk onder bepaalde voorwaarden. Dit kan gebeuren via verschillende mediakanalen, waaronder kranten en televisie, evenals de websites en sociale media van deze mediaorganen.<\/li>\n<\/ul>\n\n\n\n<p id=\"5-gebruik-beeldmateriaal-door-scoutinggroepen\">5) Gebruik beeldmateriaal door scoutinggroepen<\/p>\n\n\n\n<ul class=\"wp-block-list\">\n<li>Het gebruik van beeldmateriaal vergaard door scoutinggroepen tijdens het evenement is alleen toegestaan onder de voorwaarden dat:<\/li>\n\n\n\n<li>het beeldmateriaal betreft waar alleen leden van de eigen scoutinggroep herkenbaar of onherkenbaar op staan.<\/li>\n\n\n\n<li>Er geen jeugddeelnemers buiten de eigen scoutingvereniging op staan zowel herkenbaar of onherkenbaar.<\/li>\n\n\n\n<li>Er geen stafleden van buiten de eigen scoutingvereniging opstaan tenzij deze hier expliciet toestemming voor hebben gegeven.<\/li>\n\n\n\n<li>Er bij gebruik de mogelijkheid is voor deelnemers en of stafleden om op een later moment bezwaar in te dienen op basis van de AVG, waar vervolgens gehoor aan gegeven dient te worden.<\/li>\n<\/ul>\n\n\n\n<p id=\"6-gebruik-beeldmateriaal-door-media-buiten-het-scoutingorganisaties\">6) Gebruik beeldmateriaal door media buiten het scoutingorganisaties<\/p>\n\n\n\n<ul class=\"wp-block-list\">\n<li>Het gebruik van beeldmateriaal door organisaties buiten het scoutingorgaan, zoals kranten, televisie, website en sociale media van hiervoor genoemden is alleen toegestaan onder de voorwaarden dat:\n<ul class=\"wp-block-list\">\n<li>Er vooraf of tijdens het maken van foto\u2019s en video\u2019s een regionale vertegenwoordiger aanwezig is, om het naleven van deze richtlijn zeker te stellen en het imago van scouting te beschermen.<\/li>\n\n\n\n<li>Er schriftelijke toestemming is van ouders \/ voogd bij jeugddeelnemers (jonger dan 18 jaar).<\/li>\n\n\n\n<li>Er toestemming is gegeven door 18+ leden zelf.<\/li>\n<\/ul>\n<\/li>\n\n\n\n<li>Als een regionale vertegenwoordiger wordt bedoeld:\n<ul class=\"wp-block-list\">\n<li>Een regiobestuurslid.<\/li>\n\n\n\n<li>Een medewerker van het regionale team internet en communicatie.<\/li>\n\n\n\n<li>Een door het organisatieteam aangewezen staflid die op de hoogte is van deze richtlijn.<\/li>\n<\/ul>\n<\/li>\n<\/ul>\n\n\n\n<p id=\"7-beperking-van-de-toegang\">7) Beperking van de toegang<\/p>\n\n\n\n<ul class=\"wp-block-list\">\n<li>Toegang tot foto\u2019s en video\u2019s is beperkt tot geautoriseerde en dus daartoe aangewezen regiovrijwilligers.<\/li>\n<\/ul>\n\n\n\n<p id=\"8-rechten-van-deelnemers\">8) Rechten van deelnemers<\/p>\n\n\n\n<ul class=\"wp-block-list\">\n<li>Deelnemers hebben het recht om op elk moment hun toestemming in te trekken. In dat geval worden hun beelden niet langer gebruikt of gedeeld.<\/li>\n\n\n\n<li>Intrekken van toestemming kan worden gedaan door de keuze aan te geven bij het organisatieteam van het evenement.<\/li>\n<\/ul>\n\n\n\n<p id=\"9-verzoeken-om-verwijdering\">9) Verzoeken om verwijdering<\/p>\n\n\n\n<ul class=\"wp-block-list\">\n<li>Personen die onbedoeld zijn vastgelegd en dit niet wensen, hebben het recht om een verzoek tot verwijdering van hun beeldmateriaal in te dienen.<\/li>\n\n\n\n<li>Verzoek tot verwijdering kan worden gedaan door middel van een e-mail te sturen aan het regionale team internet en communicatie via ienc@regionhm.nl<\/li>\n<\/ul>\n\n\n\n<p id=\"10-bewustwording\">10) Bewustwording<\/p>\n\n\n\n<ul class=\"wp-block-list\">\n<li>Deelnemers en ouders worden middels informatie over het regio-evenement, de website van de regio of per e-mail vanuit de regio ge\u00efnformeerd over deze richtlijn beeldmateriaal.<\/li>\n<\/ul>\n\n\n\n<p id=\"11-naleving-avg\">11) Naleving AVG<\/p>\n\n\n\n<p>Deze richtlijn is in overeenstemming met de Algemene Verordening Gegevensbescherming (AVG) en andere relevante privacywetgeving.<\/p>\n\n\n\n<p id=\"12-schending-van-de-privacyrichtlijnen-voor-foto-s-en-video-s-tijdens-regio-evenementen\">12) Schending van de privacyrichtlijnen voor Foto\u2019s en Video\u2019s tijdens regio-evenementen<\/p>\n\n\n\n<ul class=\"wp-block-list\">\n<li>Bij schending van bovenstaande richtlijn kan direct ge\u00ebscaleerd worden door deelnemers en \/of het organisatieteam naar het regiobestuur, het team internet en communicatie of de evenementenco\u00f6rdinator.<\/li>\n\n\n\n<li>Bij schending van bovenstaande richtlijn is er de mogelijkheid voor het regiobestuur en de evenementenco\u00f6rdinator voor \u00e9\u00e9n of meer van de volgende maatregelen:\n<ul class=\"wp-block-list\">\n<li>Een offici\u00eble waarschuwing uitdelen aan de persoon die de richtlijn schendt.<\/li>\n\n\n\n<li>Per direct verwijdering van het evenement van de persoon die de richtlijn schendt.<\/li>\n\n\n\n<li>De persoon of vereniging die de richtlijn schendt uitsluiten van deelname aan regionale evenementen met een maximale duur van anderhalf jaar.<\/li>\n<\/ul>\n<\/li>\n<\/ul>\n\n\n\n<p style=\"font-size:16px\">Deelnemers worden vriendelijk herinnerd om zorgvuldig om te gaan met hun persoonlijke informatie en die van<br>anderen en om respect te tonen voor de privacy van mededeelnemers en stafleden..<\/p>\n\n\n\n<p>Dit is slechts een plaatshouder om je te helpen visualiseren hoe de inhoud wordt weergegeven in de tabs. Voel je vrij om dit aan te passen met je werkelijke inhoud.<\/p>\n<\/div><\/div>\n\n\n\n<div data-title=\"<strong&gt;Sociale veiligheid<\/strong&gt;\" class=\"wp-block-themeisle-blocks-tabs-item\"><div class=\"wp-block-themeisle-blocks-tabs-item__header\" tabindex=\"0\"><strong>Sociale veiligheid<\/strong><\/div><div class=\"wp-block-themeisle-blocks-tabs-item__content\">\n<h2 class=\"wp-block-heading\"><strong>Sociale veiligheid binnen regio Noord-Holland Midden<\/strong><\/h2>\n\n\n\n<p>We vinden het binnen Regio Noord-Holland Midden belangrijk dat leden binnen een sociaal veilige omgeving leuke en uitdagende Scoutingactiviteiten kunnen doen.<\/p>\n\n\n\n<h2 class=\"wp-block-heading\"><strong>WAT IS SOCIALE VEILIGHEID?&nbsp;<\/strong><\/h2>\n\n\n\n<p>Sociale veiligheid Regio Noord-Holland Midden betekent dat leden zich beschermd weten en voelen tegen grensoverschrijdend gedrag in de vereniging. Onder grensoverschrijdend gedrag verstaan we het overschrijden van normen (gedragscode) en de wet. Zoals bijvoorbeeld: zeden, verduistering, pesten, groepsdruk, geweld etc. Samen met Scouting Nederland werken wij actief mee aan de bescherming van alle leden op lokaal, regionaal en landelijk niveau. Bewustwording en preventie zijn belangrijke ingredi\u00ebnten die bijdragen aan een sociaal veilige omgeving.<\/p>\n\n\n\n<h2 class=\"wp-block-heading\"><strong>GEDRAGSCODE&nbsp;<\/strong><\/h2>\n\n\n\n<p>De gedragscode geeft grenzen aan in het contact met minderjarigen. Deze code dient door iedereen die een functie binnen onze Scoutinggroep vervult, te worden onderschreven. Wij maken gebruik van de gedragscode van Scouting Nederland die je hier kunt downloaden:&nbsp;<a href=\"https:\/\/web.archive.org\/web\/20250430153953\/https:\/\/www.scouting.nl\/assets\/uploads\/doorzoekbareBestanden\/Sociale%20veiligheid\/Gedragscode.pdf\" target=\"_blank\" rel=\"noreferrer noopener\">Gedragscode (scouting.nl)<\/a><\/p>\n\n\n\n<p>Alle vrijwilligers worden bij aanvang van hun vrijwilligerswerk, gewezen op deze gedragscode.<\/p>\n\n\n\n<h2 class=\"wp-block-heading\"><strong>VERKLARING OMTRENT HET GEDRAG&nbsp;<\/strong><\/h2>\n\n\n\n<p>Wie denkt aan kinderen, jongeren en Scouting, denkt direct aan spel, plezier en een uitdagend leven. Niemand associeert deze woorden met grensoverschrijdend gedrag. Een verplichte Verklaring Omtrent het Gedrag (VOG) is \u00e9\u00e9n van de maatregelen die Regio Noord-Holland Midden getroffen heeft om binnen onze organisatie een veilige omgeving te bieden. Het Huishoudelijk regelement van Scouting Nederland biedt voldoende mogelijkheden om bij grensoverschijidend gedrag en\/of het niet overleggen van een VOG, leden te weren en\/of uit te schrijven.<\/p>\n\n\n\n<h2 class=\"wp-block-heading\"><strong>AANSTELLINGSBELEID<\/strong><\/h2>\n\n\n\n<p>Om te zorgen dat de wensen en verwachtingen van (nieuwe) vrijwilliger(s) matchen met de wensen van onze organisatie voeren wij niet alleen intakegesprekken maar hebben we ook conform Huishoudelijk reglement van Scouting Nederland, afgesproken dat de eerste 3 maanden een soort proefperiode zijn. In die proefperiode zoomen we o.a. in op de inhoudelijk functie, de gedragscode, het Huishoudelijk reglement en allerlei trainingen die onze (nieuwe) vrijwilliger kan volgen om zich zo snel als mogelijk onderdeel te voelen van onze organisatie. Als bestuur maken wij gebruik van diverse methodieken die door Scouting Nederland zijn ontwikkeld.<\/p>\n\n\n\n<h2 class=\"wp-block-heading\"><strong>VERTROUWENSPERSOON&nbsp;<\/strong><\/h2>\n\n\n\n<p>Als er sprake is van een calamiteitensituatie, zoals grensoverschrijdend gedrag, een ongeluk of een sterfgeval, staan onze bestuursleden graag voor je klaar. Ook kun je via het team Sociale Veiligheid van Scouting Nederland altijd contact opnemen met het landelijk opvangteam. Dit team bestaat uit landelijk vrijwilligers die groepsbesturen adviseren over hoe ze hiermee om kunnen gaan. Deze vrijwilligers zijn ervaren in de hulpverlening en hebben veel ervaring met dit soort situaties. Zij verwijzen Scoutinggroepen indien nodig door naar de juiste instanties.<\/p>\n\n\n\n<p>Het team Sociale Veiligheid is 24 uur te bereiken (na kantoor tijden via een bereikbaarheidsdienst) op 033 496 09 11 of via de e-mail:&nbsp;<a href=\"https:\/\/web.archive.org\/web\/20250430153953\/mailto:inveiligehanden@scouting.nl\" target=\"_blank\" rel=\"noreferrer noopener\">inveiligehanden@scouting.nl<\/a>&nbsp;of&nbsp;<a href=\"https:\/\/web.archive.org\/web\/20250430153953\/mailto:socialeveiligheid@scouting.nl\" target=\"_blank\" rel=\"noreferrer noopener\">socialeveiligheid@scouting.nl<\/a><\/p>\n\n\n\n<p>Het bestuur van Scouting regio Noord-Holland Midden is te bereiken via&nbsp;<a href=\"https:\/\/web.archive.org\/web\/20250430153953\/mailto:bestuur@regionhm.nl\" target=\"_blank\" rel=\"noreferrer noopener\">bestuur@regionhm.nl<\/a><\/p>\n\n\n\n<p style=\"font-size:16px\">Scouting regio Noord-Holland Midden heeft ook een eigen vertrouwenspersoon. Dit is Alexandra Beintema en ze is te bereiken via het mailadres:&nbsp;<a href=\"https:\/\/web.archive.org\/web\/20250430153953\/mailto:vertrouwenspersoon@regionhm.nl\" target=\"_blank\" rel=\"noreferrer noopener\">vertrouwenspersoon@regionhm.nl<\/a><\/p>\n<\/div><\/div>\n<\/div><\/div>\n","protected":false},"excerpt":{"rendered":"<p>Veiligheid is een topprioriteit voor scouting in de regio Noord-Holland Midden. Of het nu gaat om fysieke activiteiten in de buitenlucht of online bijeenkomsten, het waarborgen van de veiligheid van alle leden staat voorop. Voor fysieke veiligheid implementeren we strikte protocollen voor activiteiten en evenementen, terwijl online veiligheid wordt verzekerd door middel van veilige communicatieplatforms [&hellip;]<\/p>\n","protected":false},"author":1,"featured_media":0,"parent":0,"menu_order":0,"comment_status":"closed","ping_status":"closed","template":"","meta":{"_themeisle_gutenberg_block_has_review":false,"footnotes":""},"class_list":["post-116","page","type-page","status-publish","hentry"],"_links":{"self":[{"href":"http:\/\/regionhm.nl\/index.php\/wp-json\/wp\/v2\/pages\/116","targetHints":{"allow":["GET"]}}],"collection":[{"href":"http:\/\/regionhm.nl\/index.php\/wp-json\/wp\/v2\/pages"}],"about":[{"href":"http:\/\/regionhm.nl\/index.php\/wp-json\/wp\/v2\/types\/page"}],"author":[{"embeddable":true,"href":"http:\/\/regionhm.nl\/index.php\/wp-json\/wp\/v2\/users\/1"}],"replies":[{"embeddable":true,"href":"http:\/\/regionhm.nl\/index.php\/wp-json\/wp\/v2\/comments?post=116"}],"version-history":[{"count":9,"href":"http:\/\/regionhm.nl\/index.php\/wp-json\/wp\/v2\/pages\/116\/revisions"}],"predecessor-version":[{"id":145,"href":"http:\/\/regionhm.nl\/index.php\/wp-json\/wp\/v2\/pages\/116\/revisions\/145"}],"wp:attachment":[{"href":"http:\/\/regionhm.nl\/index.php\/wp-json\/wp\/v2\/media?parent=116"}],"curies":[{"name":"wp","href":"https:\/\/api.w.org\/{rel}","templated":true}]}}